{"id":195,"date":"2025-10-11T13:34:10","date_gmt":"2025-10-11T13:34:10","guid":{"rendered":"https:\/\/tippitoppiservice.de\/?page_id=195"},"modified":"2025-10-16T13:04:22","modified_gmt":"2025-10-16T13:04:22","slug":"impressum","status":"publish","type":"page","link":"https:\/\/tippitoppiservice.de\/?page_id=195","title":{"rendered":"Impressum"},"content":{"rendered":"<p>[et_pb_section fb_built=&#8220;1&#8243; _builder_version=&#8220;4.27.4&#8243; _module_preset=&#8220;default&#8220; global_colors_info=&#8220;{}&#8220;][et_pb_row _builder_version=&#8220;4.27.4&#8243; _module_preset=&#8220;default&#8220; background_color=&#8220;#e8e8e8&#8243; global_colors_info=&#8220;{}&#8220;][et_pb_column type=&#8220;4_4&#8243; _builder_version=&#8220;4.27.4&#8243; _module_preset=&#8220;default&#8220; global_colors_info=&#8220;{}&#8220;][et_pb_text _builder_version=&#8220;4.27.4&#8243; _module_preset=&#8220;default&#8220; custom_padding=&#8220;|||5px|false|false&#8220; inline_fonts=&#8220;Anton&#8220; global_colors_info=&#8220;{}&#8220;]<\/p>\n<h3><span style=\"font-family: inherit; font-weight: normal;\"><strong>Impressum<\/strong><\/span><\/h3>\n<p>Gesch\u00e4ftsf\u00fchrer<br \/>Giovanni Pipitone<br \/>Unterer Weberberg 20<br \/>89420 H\u00f6chst\u00e4dt an der Donau<\/p>\n<p>Kontakt:<br \/>E-Mail: info@tippitoppiservice.de<br \/>Mobil: 0178 2076796<\/p>\n<p>Umsatzsteuer-ID:<br \/>Umsatzsteuer-Identifikationsnummer gem\u00e4\u00df \u00a7 19 UStG<\/p>\n<p>EU-Streitschlichtung:<br \/>Die Europ\u00e4ische Kommission stellt eine Plattform zur Online-Streitbeilegung (OS) bereit: https:\/\/ec.europa.eu\/consumers\/odr\/.<br \/>Unsere E-Mail-Adresse finden Sie oben im Impressum.<\/p>\n<p>Verbraucherstreitbeilegung \/ Universalschlichtungsstelle:<br \/>Wir sind nicht bereit und nicht verpflichtet, an Streitbeilegungsverfahren vor einer Verbraucherschlichtungsstelle teilzunehmen.<\/p>\n<p>Quelle:<br \/>e-recht24.de<\/p>\n<p>[\/et_pb_text][\/et_pb_column][\/et_pb_row][\/et_pb_section]<\/p>\n","protected":false},"excerpt":{"rendered":"<p>Impressum Gesch\u00e4ftsf\u00fchrerGiovanni PipitoneUnterer Weberberg 2089420 H\u00f6chst\u00e4dt an der Donau Kontakt:E-Mail: info@tippitoppiservice.deMobil: 0178 2076796 Umsatzsteuer-ID:Umsatzsteuer-Identifikationsnummer gem\u00e4\u00df \u00a7 19 UStG EU-Streitschlichtung:Die Europ\u00e4ische Kommission stellt eine Plattform zur Online-Streitbeilegung (OS) bereit: https:\/\/ec.europa.eu\/consumers\/odr\/.Unsere E-Mail-Adresse finden Sie oben im Impressum. Verbraucherstreitbeilegung \/ Universalschlichtungsstelle:Wir sind nicht bereit und nicht verpflichtet, an Streitbeilegungsverfahren vor einer Verbraucherschlichtungsstelle teilzunehmen. Quelle:e-recht24.de<\/p>\n","protected":false},"author":1,"featured_media":0,"parent":0,"menu_order":0,"comment_status":"closed","ping_status":"closed","template":"","meta":{"_et_pb_use_builder":"on","_et_pb_old_content":"","_et_gb_content_width":"","footnotes":""},"class_list":["post-195","page","type-page","status-publish","hentry"],"_links":{"self":[{"href":"https:\/\/tippitoppiservice.de\/index.php?rest_route=\/wp\/v2\/pages\/195","targetHints":{"allow":["GET"]}}],"collection":[{"href":"https:\/\/tippitoppiservice.de\/index.php?rest_route=\/wp\/v2\/pages"}],"about":[{"href":"https:\/\/tippitoppiservice.de\/index.php?rest_route=\/wp\/v2\/types\/page"}],"author":[{"embeddable":true,"href":"https:\/\/tippitoppiservice.de\/index.php?rest_route=\/wp\/v2\/users\/1"}],"replies":[{"embeddable":true,"href":"https:\/\/tippitoppiservice.de\/index.php?rest_route=%2Fwp%2Fv2%2Fcomments&post=195"}],"version-history":[{"count":6,"href":"https:\/\/tippitoppiservice.de\/index.php?rest_route=\/wp\/v2\/pages\/195\/revisions"}],"predecessor-version":[{"id":243,"href":"https:\/\/tippitoppiservice.de\/index.php?rest_route=\/wp\/v2\/pages\/195\/revisions\/243"}],"wp:attachment":[{"href":"https:\/\/tippitoppiservice.de\/index.php?rest_route=%2Fwp%2Fv2%2Fmedia&parent=195"}],"curies":[{"name":"wp","href":"https:\/\/api.w.org\/{rel}","templated":true}]}}