{"id":165,"date":"2025-10-11T13:32:58","date_gmt":"2025-10-11T13:32:58","guid":{"rendered":"https:\/\/tippitoppiservice.de\/?page_id=165"},"modified":"2025-10-11T15:17:29","modified_gmt":"2025-10-11T15:17:29","slug":"home","status":"publish","type":"page","link":"https:\/\/tippitoppiservice.de\/","title":{"rendered":"Home"},"content":{"rendered":"<p>[et_pb_section fb_built=&#8220;1&#8243; _builder_version=&#8220;4.27.4&#8243; _module_preset=&#8220;default&#8220; background_color=&#8220;#ededed&#8220; global_colors_info=&#8220;{}&#8220;][et_pb_row column_structure=&#8220;1_2,1_2&#8243; _builder_version=&#8220;4.27.4&#8243; _module_preset=&#8220;default&#8220; custom_padding=&#8220;0px|||||&#8220; global_colors_info=&#8220;{}&#8220;][et_pb_column type=&#8220;1_2&#8243; _builder_version=&#8220;4.27.4&#8243; _module_preset=&#8220;default&#8220; global_colors_info=&#8220;{}&#8220;][et_pb_text _builder_version=&#8220;4.27.4&#8243; _module_preset=&#8220;default&#8220; global_colors_info=&#8220;{}&#8220;]<\/p>\n<h3>Tippitoppi Service<\/h3>\n<p><strong>Dienstleistungen rund ums Haus<\/strong><\/p>\n<p>Wir glauben an das, was wir tun. <br \/>Wir m\u00f6chte Sie bei dem unterst\u00fctzen, was Sie brauchen.<\/p>\n<p>Starre und unflexible Prozesse finden Sie bei uns nicht &#8211; wir bieten individuelle L\u00f6sungen an, um eine reibungslose und unkomplizierte Zusammenarbeit zu erm\u00f6glichen.<\/p>\n<p>Nicht umsonst hei\u00dfen wir Tippi Toppi, was f\u00fcr m\u00fchelos, problemlos, reibungslos und einfach steht.<\/p>\n<p>Gemeinsam finden wir die passende L\u00f6sung f\u00fcr Sie!<\/p>\n<p>[\/et_pb_text][\/et_pb_column][et_pb_column type=&#8220;1_2&#8243; _builder_version=&#8220;4.27.4&#8243; _module_preset=&#8220;default&#8220; global_colors_info=&#8220;{}&#8220;][et_pb_image src=&#8220;https:\/\/tippitoppiservice.de\/wp-content\/uploads\/2025\/10\/planning-3536753_1280.jpg&#8220; title_text=&#8220;planning-3536753_1280&#8243; _builder_version=&#8220;4.27.4&#8243; _module_preset=&#8220;default&#8220; global_colors_info=&#8220;{}&#8220;][\/et_pb_image][\/et_pb_column][\/et_pb_row][et_pb_row _builder_version=&#8220;4.27.4&#8243; _module_preset=&#8220;default&#8220; global_colors_info=&#8220;{}&#8220;][et_pb_column type=&#8220;4_4&#8243; _builder_version=&#8220;4.27.4&#8243; _module_preset=&#8220;default&#8220; global_colors_info=&#8220;{}&#8220;][et_pb_text _builder_version=&#8220;4.27.4&#8243; _module_preset=&#8220;default&#8220; global_colors_info=&#8220;{}&#8220;]<\/p>\n<p style=\"text-align: justify;\">Durch unseren Zusammenschluss mit mehreren Handwerksmeistern k\u00f6nnen Sie Ihr Projekt, vom Keller bis zum Dach, problemlos mit uns realisieren. Schauen Sie sich hier eine \u00dcbersicht unserer Dienstleistungen an und entscheiden Sie sich f\u00fcr den Service, der am besten zu Ihnen passt. Wenn Sie Fragen haben melden Sie sich einfach &#8211; wir helfen gerne weiter und erstellen Ihnen ein unverbindliches Angebot.<\/p>\n<p>[\/et_pb_text][\/et_pb_column][\/et_pb_row][\/et_pb_section][et_pb_section fb_built=&#8220;1&#8243; _builder_version=&#8220;4.27.4&#8243; _module_preset=&#8220;default&#8220; global_colors_info=&#8220;{}&#8220;][et_pb_row column_structure=&#8220;1_3,1_3,1_3&#8243; _builder_version=&#8220;4.27.4&#8243; _module_preset=&#8220;default&#8220; global_colors_info=&#8220;{}&#8220;][et_pb_column type=&#8220;1_3&#8243; _builder_version=&#8220;4.27.4&#8243; _module_preset=&#8220;default&#8220; global_colors_info=&#8220;{}&#8220;][et_pb_image src=&#8220;https:\/\/tippitoppiservice.de\/wp-content\/uploads\/2025\/10\/01a.jpg&#8220; title_text=&#8220;01a&#8220; _builder_version=&#8220;4.27.4&#8243; _module_preset=&#8220;default&#8220; global_colors_info=&#8220;{}&#8220;][\/et_pb_image][\/et_pb_column][et_pb_column type=&#8220;1_3&#8243; _builder_version=&#8220;4.27.4&#8243; _module_preset=&#8220;default&#8220; global_colors_info=&#8220;{}&#8220;][et_pb_image src=&#8220;https:\/\/tippitoppiservice.de\/wp-content\/uploads\/2025\/10\/01b.jpg&#8220; title_text=&#8220;01b&#8220; _builder_version=&#8220;4.27.4&#8243; _module_preset=&#8220;default&#8220; global_colors_info=&#8220;{}&#8220;][\/et_pb_image][\/et_pb_column][et_pb_column type=&#8220;1_3&#8243; _builder_version=&#8220;4.27.4&#8243; _module_preset=&#8220;default&#8220; global_colors_info=&#8220;{}&#8220;][et_pb_image src=&#8220;https:\/\/tippitoppiservice.de\/wp-content\/uploads\/2025\/10\/01c.jpg&#8220; title_text=&#8220;01c&#8220; _builder_version=&#8220;4.27.4&#8243; _module_preset=&#8220;default&#8220; global_colors_info=&#8220;{}&#8220;][\/et_pb_image][\/et_pb_column][\/et_pb_row][et_pb_row column_structure=&#8220;1_3,1_3,1_3&#8243; _builder_version=&#8220;4.27.4&#8243; _module_preset=&#8220;default&#8220; global_colors_info=&#8220;{}&#8220;][et_pb_column type=&#8220;1_3&#8243; _builder_version=&#8220;4.27.4&#8243; _module_preset=&#8220;default&#8220; global_colors_info=&#8220;{}&#8220;][et_pb_text _builder_version=&#8220;4.27.4&#8243; _module_preset=&#8220;default&#8220; global_colors_info=&#8220;{}&#8220;]<\/p>\n<p><strong>Bodenverlegung<\/strong><\/p>\n<p style=\"text-align: left;\"><strong>Laminat<\/strong><br \/>Robuster Boden, passt perfekt in Wohnr\u00e4ume mit oder ohne Fu\u00dfbo-denheizung oder B\u00fcro. Wir beraten Sie gerne.<\/p>\n<p style=\"text-align: left;\"><strong>Vinyl<\/strong><br \/>Vinyl-Designbel\u00e4ge sind robust, feuchtigkeitsbest\u00e4ndig und ideal f\u00fcr Bereiche wie Bad und K\u00fcche.<\/p>\n<p style=\"text-align: left;\"><strong>PVC<\/strong><br \/>ist flexibel, leicht zu verlegen, wasserfest und fu\u00dfwarm.<\/p>\n<p style=\"text-align: left;\"><strong>Teppich<\/strong><br \/>ist weich, warm und f\u00e4ngt Staub aus der Luft, der sich leicht absaugen l\u00e4sst.<\/p>\n<p>&nbsp;<\/p>\n<p>[\/et_pb_text][\/et_pb_column][et_pb_column type=&#8220;1_3&#8243; _builder_version=&#8220;4.27.4&#8243; _module_preset=&#8220;default&#8220; global_colors_info=&#8220;{}&#8220;][et_pb_text _builder_version=&#8220;4.27.4&#8243; _module_preset=&#8220;default&#8220; global_colors_info=&#8220;{}&#8220;]<\/p>\n<p style=\"text-align: left;\"><strong>Komplettsanierung<br \/><\/strong><br \/>Neubau, Altbau, Umbau, Erweiterung oder Anbau? Ob Bad, Heizung T\u00fcr &#8211; Toren oder die Elektrik? Tippi Toppi Service bietet eine reibungslose, stressfreie Renovierung dank zuverl\u00e4ssigen Partner. Sparen Sie Zeit und Nerven mit wenigen Terminen wir k\u00fcmmern uns um alles!<\/p>\n<p style=\"text-align: left;\"><strong>Metallarbeiten<\/strong><br \/>ob aus Edelstahl oder Aluminium Sie entscheiden ! <br \/>Fenster, T\u00fcren, Gel\u00e4nder oder Treppen, L\u00fcftungsanlagen und vieles mehr&#8230;<\/p>\n<p style=\"text-align: left;\"><strong>Professioneller Rollo-Einbau<\/strong> <br \/>Manuell &amp; Elektrisch<br \/>Wir bieten einen schnellen und fachgerechten Einbau von Rollos. Ma\u00dfgenaue Montage und saubere Installation alles aus einer Hand.<\/p>\n<p style=\"text-align: left;\"><strong>Trockenbau<\/strong><br \/>Wir bieten Wand- und Decken-fl\u00e4chen aus Gipskarton, Montage verschiedener D\u00e4mmungen sowie Putzarbeiten.<\/p>\n<p style=\"text-align: left;\"><strong>Innenanstrich, Neuputz\/Estrich<\/strong><br \/>Egal ob innen oder au\u00dfen, bei uns bleiben keine W\u00fcnsche offen, versprochen!<\/p>\n<p style=\"text-align: left;\"><strong>Holzt\u00fcren, Fenster<\/strong><br \/>Schleifen und lackieren<\/p>\n<p style=\"text-align: left;\"><strong>Fliesenarbeiten<\/strong><\/p>\n<p>[\/et_pb_text][\/et_pb_column][et_pb_column type=&#8220;1_3&#8243; _builder_version=&#8220;4.27.4&#8243; _module_preset=&#8220;default&#8220; global_colors_info=&#8220;{}&#8220;][et_pb_text _builder_version=&#8220;4.27.4&#8243; _module_preset=&#8220;default&#8220; global_colors_info=&#8220;{}&#8220;]<\/p>\n<p><strong>Statik und Tragwerksplanung<\/strong><\/p>\n<p>Wir bieten umfassende L\u00f6sungen zur Sicherung der Stabilit\u00e4t und Tragf\u00e4higkeit Ihres Bauvorhabens vom kleinen Wohnprojekt bis hin zu gro\u00dfen Industriegeb\u00e4uden. Ob Neubau, Umbau, Erweiterung oder Sanierung, wir decken alle Bereiche ab.<\/p>\n<p>Unsere Leistungen:<\/p>\n<ul>\n<li>Stahlbetonbau<\/li>\n<li>Metallbau<\/li>\n<li>Holzbau<\/li>\n<li>Mauerwerksbau<\/li>\n<li>Grundbau<\/li>\n<li>Spezialbau<\/li>\n<\/ul>\n<p>Ihr Projekt unser Komplettservice:<\/p>\n<p>Kontaktieren Sie uns f\u00fcr ein individuelles Konzept und ein unverbindliches Angebot. Gemeinsam mit unseren erfahrenen Ingenieurspartnern garantieren wir h\u00f6chste Sicherheit und Qualit\u00e4t, damit Sie sorgenfrei bleiben k\u00f6nnen.<\/p>\n<p><strong>Wir freuen uns auf Ihre Anfrage!<\/strong><\/p>\n<p>[\/et_pb_text][\/et_pb_column][\/et_pb_row][et_pb_row column_structure=&#8220;1_2,1_2&#8243; _builder_version=&#8220;4.27.4&#8243; _module_preset=&#8220;default&#8220; background_color=&#8220;#efefef&#8220; hover_enabled=&#8220;0&#8243; global_colors_info=&#8220;{}&#8220; sticky_enabled=&#8220;0&#8243;][et_pb_column type=&#8220;1_2&#8243; _builder_version=&#8220;4.27.4&#8243; _module_preset=&#8220;default&#8220; global_colors_info=&#8220;{}&#8220;][et_pb_text _builder_version=&#8220;4.27.4&#8243; _module_preset=&#8220;default&#8220; background_color=&#8220;#efefef&#8220; hover_enabled=&#8220;0&#8243; global_colors_info=&#8220;{}&#8220; custom_padding=&#8220;|5px||5px|false|false&#8220; sticky_enabled=&#8220;0&#8243;]<\/p>\n<p style=\"text-align: left;\"><strong>Extra Service<\/strong><\/p>\n<p style=\"text-align: left;\">Unser Hausmeisterservice bietet Ihnen umfassende Betreuung f\u00fcr Ihre Immobilie, ob Privathaus oder Gartenanlage. Wir \u00fcbernehmen alle Aufgaben, die Ihre Immobilie in Schuss halten \u2013 von regelm\u00e4\u00dfiger Gartenpflege \u00fcber kleinere Reparaturen bis hin zu saisonalen Wartungsarbeiten.<br \/>Vertrauen Sie auf unsere Erfahrung und Kompetenz, um Ihre Immobilie in bestem Zustand zu halten.<\/p>\n<p>[\/et_pb_text][\/et_pb_column][et_pb_column type=&#8220;1_2&#8243; _builder_version=&#8220;4.27.4&#8243; _module_preset=&#8220;default&#8220; global_colors_info=&#8220;{}&#8220;][et_pb_text _builder_version=&#8220;4.27.4&#8243; _module_preset=&#8220;default&#8220; background_color=&#8220;#efefef&#8220; custom_padding=&#8220;|5px|27px|5px|false|false&#8220; hover_enabled=&#8220;0&#8243; global_colors_info=&#8220;{}&#8220; sticky_enabled=&#8220;0&#8243;]<\/p>\n<p><strong>Entr\u00fcmpelungsarbeiten f\u00fcr Wohnung und Haus<\/strong><\/p>\n<p>Wir schaffen Platz!<br \/>Ob Wohnung oder Haus unser Entr\u00fcmpelungsservice sorgt f\u00fcr eine schnelle, gr\u00fcndliche und stressfreie R\u00e4umung.<br \/>Wir nehmen Ihnen die Last ab und hinterlassen Ihr Zuhause besenrein und bereit f\u00fcr den n\u00e4chsten Schritt.Vertrauen Sie auf unsere Erfahrung und genie\u00dfen Sie das Gef\u00fchl von frischem Raum.<\/p>\n<p>[\/et_pb_text][\/et_pb_column][\/et_pb_row][\/et_pb_section]<\/p>\n","protected":false},"excerpt":{"rendered":"<p>Tippitoppi Service Dienstleistungen rund ums Haus Wir glauben an das, was wir tun. Wir m\u00f6chte Sie bei dem unterst\u00fctzen, was Sie brauchen. Starre und unflexible Prozesse finden Sie bei uns nicht &#8211; wir bieten individuelle L\u00f6sungen an, um eine reibungslose und unkomplizierte Zusammenarbeit zu erm\u00f6glichen. Nicht umsonst hei\u00dfen wir Tippi Toppi, was f\u00fcr m\u00fchelos, problemlos, [&hellip;]<\/p>\n","protected":false},"author":1,"featured_media":0,"parent":0,"menu_order":0,"comment_status":"closed","ping_status":"closed","template":"","meta":{"_et_pb_use_builder":"on","_et_pb_old_content":"","_et_gb_content_width":"","footnotes":""},"class_list":["post-165","page","type-page","status-publish","hentry"],"_links":{"self":[{"href":"https:\/\/tippitoppiservice.de\/index.php?rest_route=\/wp\/v2\/pages\/165","targetHints":{"allow":["GET"]}}],"collection":[{"href":"https:\/\/tippitoppiservice.de\/index.php?rest_route=\/wp\/v2\/pages"}],"about":[{"href":"https:\/\/tippitoppiservice.de\/index.php?rest_route=\/wp\/v2\/types\/page"}],"author":[{"embeddable":true,"href":"https:\/\/tippitoppiservice.de\/index.php?rest_route=\/wp\/v2\/users\/1"}],"replies":[{"embeddable":true,"href":"https:\/\/tippitoppiservice.de\/index.php?rest_route=%2Fwp%2Fv2%2Fcomments&post=165"}],"version-history":[{"count":13,"href":"https:\/\/tippitoppiservice.de\/index.php?rest_route=\/wp\/v2\/pages\/165\/revisions"}],"predecessor-version":[{"id":241,"href":"https:\/\/tippitoppiservice.de\/index.php?rest_route=\/wp\/v2\/pages\/165\/revisions\/241"}],"wp:attachment":[{"href":"https:\/\/tippitoppiservice.de\/index.php?rest_route=%2Fwp%2Fv2%2Fmedia&parent=165"}],"curies":[{"name":"wp","href":"https:\/\/api.w.org\/{rel}","templated":true}]}}